{"id":6106,"date":"2015-05-11T22:49:43","date_gmt":"2015-05-11T21:49:43","guid":{"rendered":"http:\/\/www.sanchezbus.com\/?page_id=6106"},"modified":"2018-10-25T14:00:15","modified_gmt":"2018-10-25T13:00:15","slug":"quotation","status":"publish","type":"page","link":"https:\/\/www.sanchezbus.com\/en\/quotation\/","title":{"rendered":"Quotation"},"content":{"rendered":"<p>[vc_row row_type=&#8221;fullwidth_content&#8221;][vc_column][rev_slider_vc alias=&#8221;slider_presupuestos_eng&#8221;][\/vc_column][\/vc_row][vc_row css=&#8221;.vc_custom_1444833569775{padding-top: 50px !important;padding-bottom: 40px !important;}&#8221;][vc_column width=&#8221;1\/4&#8243; css=&#8221;.vc_custom_1494836667450{margin-bottom: 50px !important;}&#8221; offset=&#8221;vc_hidden-xs&#8221;][vc_column_text] <img loading=\"lazy\" class=\"alignnone size-full wp-image-5832\" src=\"http:\/\/www.sanchezbus.com\/wp-content\/uploads\/2015\/05\/imagen_formulario.gif\" alt=\"imagen_formulario\" width=\"367\" height=\"662\" \/> [\/vc_column_text][\/vc_column][vc_column width=&#8221;3\/4&#8243; css=&#8221;.vc_custom_1431468944873{margin-bottom: 50px !important;}&#8221;]<div class=\"custom-font \" style=\"text-align:left\"><h3 class=\"custom-font-element custom-font-1  vc_custom_1508830004467\" style=\"font-size:36px; line-height:42px; letter-spacing:0px; color:#000000; \"><\/p>\n<p>Quotation <span style=\"font-weight: 600; color: #b28c12;\">Request<\/span><\/p>\n<p><\/h3 ><\/div><div role=\"form\" class=\"wpcf7\" id=\"wpcf7-f6111-o1\" lang=\"es-ES\" dir=\"ltr\">\n<div class=\"screen-reader-response\"><\/div>\n<form action=\"\/en\/wp-json\/wp\/v2\/pages\/6106#wpcf7-f6111-o1\" method=\"post\" class=\"wpcf7-form\" novalidate=\"novalidate\">\n<div style=\"display: none;\">\n<input type=\"hidden\" name=\"_wpcf7\" value=\"6111\" \/>\n<input type=\"hidden\" name=\"_wpcf7_version\" value=\"5.0.2\" \/>\n<input type=\"hidden\" name=\"_wpcf7_locale\" value=\"es_ES\" \/>\n<input type=\"hidden\" name=\"_wpcf7_unit_tag\" value=\"wpcf7-f6111-o1\" \/>\n<input type=\"hidden\" name=\"_wpcf7_container_post\" value=\"0\" \/>\n<\/div>\n<div class=\"row\">\n<div class=\"col-md-6\">\n<p>Name and surname<br \/>\n\t\t<span class=\"wpcf7-form-control-wrap your-name\"><input type=\"text\" name=\"your-name\" value=\"\" size=\"40\" class=\"wpcf7-form-control wpcf7-text wpcf7-validates-as-required\" aria-required=\"true\" aria-invalid=\"false\" \/><\/span><\/p>\n<\/p><\/div>\n<div class=\"col-md-6\">\n<p>Telephone<br \/>\n\t\t<span class=\"wpcf7-form-control-wrap telefono\"><input type=\"text\" name=\"telefono\" value=\"\" size=\"40\" class=\"wpcf7-form-control wpcf7-text wpcf7-validates-as-required\" aria-required=\"true\" aria-invalid=\"false\" \/><\/span><\/p>\n<\/p><\/div>\n<\/div>\n<div class=\"row\">\n<div class=\"col-md-6\">\n<p>Email<br \/>\n\t\t<span class=\"wpcf7-form-control-wrap your-email\"><input type=\"email\" name=\"your-email\" value=\"\" size=\"40\" class=\"wpcf7-form-control wpcf7-text wpcf7-email wpcf7-validates-as-required wpcf7-validates-as-email\" aria-required=\"true\" aria-invalid=\"false\" \/><\/span><\/p>\n<\/p><\/div>\n<div class=\"col-md-6\">\n<p>Destination<br \/>\n\t\t<span class=\"wpcf7-form-control-wrap destino\"><input type=\"text\" name=\"destino\" value=\"\" size=\"40\" class=\"wpcf7-form-control wpcf7-text wpcf7-validates-as-required\" aria-required=\"true\" aria-invalid=\"false\" \/><\/span><\/p>\n<\/p><\/div>\n<\/div>\n<div class=\"row\">\n<div class=\"col-md-6\">\n<p>N&ordm; of passengers<br \/>\n\t\t<span class=\"wpcf7-form-control-wrap pasajeros\"><input type=\"text\" name=\"pasajeros\" value=\"\" size=\"40\" class=\"wpcf7-form-control wpcf7-text\" aria-invalid=\"false\" \/><\/span><\/p>\n<\/p><\/div>\n<div class=\"col-md-6\">\n<p>Round trip<br \/>\n\t\t<span class=\"wpcf7-form-control-wrap menu-798\"><select name=\"menu-798\" class=\"wpcf7-form-control wpcf7-select\" aria-invalid=\"false\"><option value=\"Yes\">Yes<\/option><option value=\"No\">No<\/option><\/select><\/span><\/p>\n<\/p><\/div>\n<\/div>\n<div class=\"row\">\n<div class=\"col-md-6\">\n<p>Reservation date<br \/>\n\t\t<span class=\"wpcf7-form-control-wrap date-948\"><input type=\"date\" name=\"date-948\" value=\"\" class=\"wpcf7-form-control wpcf7-date wpcf7-validates-as-required wpcf7-validates-as-date\" aria-required=\"true\" aria-invalid=\"false\" \/><\/span><\/p>\n<\/p><\/div>\n<div class=\"col-md-6\">\n<p>Hour<br \/>\n\t\t<span class=\"wpcf7-form-control-wrap menu-92\"><select name=\"menu-92\" class=\"wpcf7-form-control wpcf7-select\" aria-invalid=\"false\"><option value=\"00\">00<\/option><option value=\"01\">01<\/option><option value=\"02\">02<\/option><option value=\"03\">03<\/option><option value=\"04\">04<\/option><option value=\"05\">05<\/option><option value=\"06\">06<\/option><option value=\"07\">07<\/option><option value=\"08\">08<\/option><option value=\"09\">09<\/option><option value=\"10\">10<\/option><option value=\"11\">11<\/option><option value=\"12\">12<\/option><option value=\"13\">13<\/option><option value=\"14\">14<\/option><option value=\"15\">15<\/option><option value=\"16\">16<\/option><option value=\"17\">17<\/option><option value=\"18\">18<\/option><option value=\"19\">19<\/option><option value=\"20\">20<\/option><option value=\"21\">21<\/option><option value=\"22\">22<\/option><option value=\"23\">23<\/option><option value=\"24\">24<\/option><\/select><\/span><\/p>\n<\/p><\/div>\n<\/div>\n<p>Observations<br \/>\n    <span class=\"wpcf7-form-control-wrap your-message\"><textarea name=\"your-message\" cols=\"40\" rows=\"10\" class=\"wpcf7-form-control wpcf7-textarea\" aria-invalid=\"false\"><\/textarea><\/span> <\/p>\n<div class=\"row\">\n<div class=\"col-md-6\">\n<div class=\"wpcf7-form-control-wrap\"><div data-sitekey=\"6LfyGyEUAAAAAGCuA4Q2H_0__kZkjJWQ0yZ-jash\" class=\"wpcf7-form-control g-recaptcha wpcf7-recaptcha\"><\/div>\n<noscript>\n\t<div style=\"width: 302px; height: 422px;\">\n\t\t<div style=\"width: 302px; height: 422px; position: relative;\">\n\t\t\t<div style=\"width: 302px; height: 422px; position: absolute;\">\n\t\t\t\t<iframe src=\"https:\/\/www.google.com\/recaptcha\/api\/fallback?k=6LfyGyEUAAAAAGCuA4Q2H_0__kZkjJWQ0yZ-jash\" frameborder=\"0\" scrolling=\"no\" style=\"width: 302px; height:422px; border-style: none;\">\n\t\t\t\t<\/iframe>\n\t\t\t<\/div>\n\t\t\t<div style=\"width: 300px; height: 60px; border-style: none; bottom: 12px; left: 25px; margin: 0px; padding: 0px; right: 25px; background: #f9f9f9; border: 1px solid #c1c1c1; border-radius: 3px;\">\n\t\t\t\t<textarea id=\"g-recaptcha-response\" name=\"g-recaptcha-response\" class=\"g-recaptcha-response\" style=\"width: 250px; height: 40px; border: 1px solid #c1c1c1; margin: 10px 25px; padding: 0px; resize: none;\">\n\t\t\t\t<\/textarea>\n\t\t\t<\/div>\n\t\t<\/div>\n\t<\/div>\n<\/noscript>\n<\/div>\n<div class=\"col-xs-1\"><span class=\"wpcf7-form-control-wrap acceptance-500\"><span class=\"wpcf7-form-control wpcf7-acceptance\"><span class=\"wpcf7-list-item\"><input type=\"checkbox\" name=\"acceptance-500\" value=\"1\" aria-invalid=\"false\" \/><\/span><\/span><\/span><\/div>\n<div class=\"col-xs-11\" style=\"text-align:justify\">I have read and accept the <a href=\"http:\/\/www.sanchezbus.com\/en\/privacy-policy\" target=\"_blank\" style=\"text-decoration:underline\">Privacy Policy.<\/a>\n  <\/div>\n<\/div>\n<div class=\"col-md-6\" style=\"text-align:right\">\n<p><input type=\"submit\" value=\"SEND\" class=\"wpcf7-form-control wpcf7-submit btn_contacto\" \/><\/p>\n<\/div>\n<\/div>\n<div class=\"wpcf7-response-output wpcf7-display-none\"><\/div><\/form><\/div>[vc_column_text]<\/p>\n<table>\n<tbody>\n<tr>\n<td style=\"text-align: center;\" colspan=\"2\"><strong>INFORMACI\u00d3N B\u00c1SICA SOBRE PROTECCI\u00d3N DE DATOS<\/strong><\/td>\n<\/tr>\n<tr>\n<td><strong>Responsable<\/strong><\/td>\n<td>SANCHEZ BUS S.L.<\/td>\n<\/tr>\n<tr>\n<td><strong>Finalidad<\/strong><\/td>\n<td>SOLICITUD DE PRESUPUESTO.<\/td>\n<\/tr>\n<tr>\n<td><strong>Legitimaci\u00f3n<\/strong><\/td>\n<td>Aplicaci\u00f3n a petici\u00f3n del interesado de medidas precontractuales<\/td>\n<\/tr>\n<tr>\n<td><strong>Cesiones<\/strong><\/td>\n<td>No se prev\u00e9n.<\/td>\n<\/tr>\n<tr>\n<td><strong>Destinatarios<\/strong><\/td>\n<td>No se realizan transferencias Internacionales de datos<\/td>\n<\/tr>\n<tr>\n<td><strong>Derechos<\/strong><\/td>\n<td>Acceder, rectificar y suprimir los datos, as\u00ed como otros derechos, como se explica en la informaci\u00f3n adicional en esta p\u00e1gina web<\/td>\n<\/tr>\n<tr>\n<td><strong>Informaci\u00f3n adicional<\/strong><\/td>\n<td>Puede solicitar informaci\u00f3n adicional del tratamiento\u00a0 a trav\u00e9s de nuestra p\u00e1gina web: http:\/\/<strong>www.sanchezbus.com<\/strong><\/td>\n<\/tr>\n<\/tbody>\n<\/table>\n<p>[\/vc_column_text][\/vc_column][\/vc_row]<\/p>\n","protected":false},"excerpt":{"rendered":"<p>[vc_row row_type=&#8221;fullwidth_content&#8221;][vc_column][rev_slider_vc alias=&#8221;slider_presupuestos_eng&#8221;][\/vc_column][\/vc_row][vc_row css=&#8221;.vc_custom_1444833569775{padding-top: 50px !important;padding-bottom: 40px !important;}&#8221;][vc_column width=&#8221;1\/4&#8243; css=&#8221;.vc_custom_1494836667450{margin-bottom: 50px !important;}&#8221; offset=&#8221;vc_hidden-xs&#8221;][vc_column_text] [\/vc_column_text][\/vc_column][vc_column width=&#8221;3\/4&#8243; css=&#8221;.vc_custom_1431468944873{margin-bottom: 50px !important;}&#8221;][vc_column_text] INFORMACI\u00d3N B\u00c1SICA SOBRE PROTECCI\u00d3N DE DATOS Responsable SANCHEZ BUS S.L. Finalidad SOLICITUD DE PRESUPUESTO. Legitimaci\u00f3n Aplicaci\u00f3n a petici\u00f3n del interesado de medidas precontractuales Cesiones No se prev\u00e9n. Destinatarios No se realizan transferencias&#8230;<\/p>\n","protected":false},"author":1,"featured_media":0,"parent":0,"menu_order":8,"comment_status":"open","ping_status":"closed","template":"template-builder.php","meta":[],"_links":{"self":[{"href":"https:\/\/www.sanchezbus.com\/en\/wp-json\/wp\/v2\/pages\/6106"}],"collection":[{"href":"https:\/\/www.sanchezbus.com\/en\/wp-json\/wp\/v2\/pages"}],"about":[{"href":"https:\/\/www.sanchezbus.com\/en\/wp-json\/wp\/v2\/types\/page"}],"author":[{"embeddable":true,"href":"https:\/\/www.sanchezbus.com\/en\/wp-json\/wp\/v2\/users\/1"}],"replies":[{"embeddable":true,"href":"https:\/\/www.sanchezbus.com\/en\/wp-json\/wp\/v2\/comments?post=6106"}],"version-history":[{"count":8,"href":"https:\/\/www.sanchezbus.com\/en\/wp-json\/wp\/v2\/pages\/6106\/revisions"}],"predecessor-version":[{"id":6184,"href":"https:\/\/www.sanchezbus.com\/en\/wp-json\/wp\/v2\/pages\/6106\/revisions\/6184"}],"wp:attachment":[{"href":"https:\/\/www.sanchezbus.com\/en\/wp-json\/wp\/v2\/media?parent=6106"}],"curies":[{"name":"wp","href":"https:\/\/api.w.org\/{rel}","templated":true}]}}