{"id":6123,"date":"2015-01-18T18:25:19","date_gmt":"2015-01-18T17:25:19","guid":{"rendered":"http:\/\/www.sanchezbus.com\/?page_id=6123"},"modified":"2017-10-24T08:07:36","modified_gmt":"2017-10-24T07:07:36","slug":"legal-notice","status":"publish","type":"page","link":"https:\/\/www.sanchezbus.com\/en\/legal-notice\/","title":{"rendered":"Legal Notice"},"content":{"rendered":"<div style=\"text-align: justify;\"><strong>Autobuses S\u00e1nchez, S.L.<\/strong>, located in Jos\u00e9 Mar\u00eda Millares Sall, 6 Street (C.P. 35219 \u2013 POLIG. IND. EL GORO. TELDE). GRAN CANARIA<\/div>\n<div style=\"text-align: justify;\">\u00a0<\/div>\n<div style=\"text-align: justify;\">\n<p><b>INTELLECTUAL PROPERTY<\/b><\/p>\n<p>The source code, graphic designs, images, photographs, sounds, animations, texts, as well as information and contents that are collected at http:\/\/www.sanchezbus.com are property of <strong>Autobuses S\u00e1nchez, S.L.<\/strong> and the total or partial reproduction of this web, its computer treatment, its distribution, its diffusion, its modification, transformation or decompilation, without the prior written permission of its owner, <strong>Autobuses S\u00e1nchez, S.L.<\/strong> is not allowed. you may only use the material appearing on this portal for your personal and private use and it is prohibited to use it for commercial purposes or to engage in illegal activities. All rights derived from intellectual property are expressly reserved by <strong>Autobuses S\u00e1nchez, S.L.<\/strong><\/p>\n<p><strong>Autobuses S\u00e1nchez, S.L.<\/strong> will ensure compliance with the above conditions as well as the proper use of the contents presented in its portal, exercising all civil and criminal actions that correspond to it in case of infringement or breach of these rights by the user.<\/p>\n<\/div>\n<div style=\"text-align: justify;\">\n<p><b>NOTICES<\/b><\/p>\n<blockquote>\n<p><strong>Autobuses S\u00e1nchez, S.L.<\/strong> shall not be liable for any damages caused or likely to occur, or technical defects, whatever their nature, arising from the use of the information and materials contained in its web site. The links and hypertext that allow, through www.sanchezbus.com, access the user to services and services offered by third parties, do not belong to and are not under the control of <strong>Autobuses S\u00e1nchez, S.L.<\/strong> that entity is not responsible for the information contained therein or for any effects that may arise from said information.<\/p>\n<\/blockquote>\n<blockquote>\n<p><strong>Autobuses S\u00e1nchez, S.L.<\/strong> is not responsible for the breach of any applicable norm that the user may incur in accessing the website www.sanchezbus.com and \/ or in the use of the information contained therein.<\/p>\n<\/blockquote>\n<blockquote>\n<p><strong>Autobuses S\u00e1nchez, S.L.<\/strong>, may modify, without prior notice, the information contained in the website www.sanchezbus.com, as well as its configuration and presentation.<\/p>\n<\/blockquote>\n<blockquote>\n<p><strong>Autobuses S\u00e1nchez, S.L.<\/strong> is not responsible for the illegitimate use that third parties may make of brand names, product names, trademarks that, not being owned by said entity, appear on the website www.sanchezbus.com. Nor is it responsible for the integrity, veracity and legality of the content of the links to the websites that can be accessed from www.sanchezbus.com.<\/p>\n<\/blockquote>\n<p>Therefore, the user is solely responsible for the use made of the services, contents, links and hypertext included in the website www.sanchezbus.com.<\/p>\n<\/div>\n","protected":false},"excerpt":{"rendered":"<p>Autobuses S\u00e1nchez, S.L., located in Jos\u00e9 Mar\u00eda Millares Sall, 6 Street (C.P. 35219 \u2013 POLIG. IND. EL GORO. TELDE). GRAN CANARIA \u00a0 INTELLECTUAL PROPERTY The source code, graphic designs, images, photographs, sounds, animations, texts, as well as information and contents that are collected at http:\/\/www.sanchezbus.com are property of Autobuses S\u00e1nchez,&#8230;<\/p>\n","protected":false},"author":1,"featured_media":0,"parent":0,"menu_order":11,"comment_status":"closed","ping_status":"closed","template":"","meta":[],"_links":{"self":[{"href":"https:\/\/www.sanchezbus.com\/en\/wp-json\/wp\/v2\/pages\/6123"}],"collection":[{"href":"https:\/\/www.sanchezbus.com\/en\/wp-json\/wp\/v2\/pages"}],"about":[{"href":"https:\/\/www.sanchezbus.com\/en\/wp-json\/wp\/v2\/types\/page"}],"author":[{"embeddable":true,"href":"https:\/\/www.sanchezbus.com\/en\/wp-json\/wp\/v2\/users\/1"}],"replies":[{"embeddable":true,"href":"https:\/\/www.sanchezbus.com\/en\/wp-json\/wp\/v2\/comments?post=6123"}],"version-history":[{"count":3,"href":"https:\/\/www.sanchezbus.com\/en\/wp-json\/wp\/v2\/pages\/6123\/revisions"}],"predecessor-version":[{"id":6157,"href":"https:\/\/www.sanchezbus.com\/en\/wp-json\/wp\/v2\/pages\/6123\/revisions\/6157"}],"wp:attachment":[{"href":"https:\/\/www.sanchezbus.com\/en\/wp-json\/wp\/v2\/media?parent=6123"}],"curies":[{"name":"wp","href":"https:\/\/api.w.org\/{rel}","templated":true}]}}