{"id":6128,"date":"2016-07-12T11:17:26","date_gmt":"2016-07-12T10:17:26","guid":{"rendered":"http:\/\/www.sanchezbus.com\/?page_id=6128"},"modified":"2018-10-25T13:57:53","modified_gmt":"2018-10-25T12:57:53","slug":"send-cv","status":"publish","type":"page","link":"https:\/\/www.sanchezbus.com\/en\/send-cv\/","title":{"rendered":"Send CV"},"content":{"rendered":"<p>[vc_row row_type=&#8221;fullwidth_content&#8221;][vc_column][rev_slider_vc alias=&#8221;slider_rrhh_eng&#8221;][\/vc_column][\/vc_row][vc_row css=&#8221;.vc_custom_1444833569775{padding-top: 50px !important;padding-bottom: 40px !important;}&#8221;][vc_column width=&#8221;1\/4&#8243; css=&#8221;.vc_custom_1494836750479{margin-bottom: 50px !important;}&#8221; offset=&#8221;vc_hidden-xs&#8221;][vc_column_text]<\/p>\n<p><img loading=\"lazy\" class=\"alignnone size-full wp-image-5832\" src=\"http:\/\/www.sanchezbus.com\/wp-content\/uploads\/2015\/05\/imagen_formulario.gif\" alt=\"imagen_formulario\" width=\"367\" height=\"662\" \/><\/p>\n<p>[\/vc_column_text][\/vc_column][vc_column width=&#8221;3\/4&#8243; css=&#8221;.vc_custom_1431468944873{margin-bottom: 50px !important;}&#8221;]<div class=\"custom-font \" style=\"text-align:left\"><h3 class=\"custom-font-element custom-font-1  vc_custom_1506959798367\" style=\"font-size:36px; line-height:42px; letter-spacing:0px; color:#000000; \">Send us your <span style=\"font-weight: 600; color: #b28c12;\">CV<\/span><\/h3 ><\/div><div role=\"form\" class=\"wpcf7\" id=\"wpcf7-f6119-o1\" lang=\"es-ES\" dir=\"ltr\">\n<div class=\"screen-reader-response\"><\/div>\n<form action=\"\/en\/wp-json\/wp\/v2\/pages\/6128#wpcf7-f6119-o1\" method=\"post\" class=\"wpcf7-form\" enctype=\"multipart\/form-data\" novalidate=\"novalidate\">\n<div style=\"display: none;\">\n<input type=\"hidden\" name=\"_wpcf7\" value=\"6119\" \/>\n<input type=\"hidden\" name=\"_wpcf7_version\" value=\"5.0.2\" \/>\n<input type=\"hidden\" name=\"_wpcf7_locale\" value=\"es_ES\" \/>\n<input type=\"hidden\" name=\"_wpcf7_unit_tag\" value=\"wpcf7-f6119-o1\" \/>\n<input type=\"hidden\" name=\"_wpcf7_container_post\" value=\"0\" \/>\n<\/div>\n<div class=\"row\">\n<div class=\"col-md-6\">\n<p>Name and surname<br \/>\n\t\t<span class=\"wpcf7-form-control-wrap your-name\"><input type=\"text\" name=\"your-name\" value=\"\" size=\"40\" class=\"wpcf7-form-control wpcf7-text wpcf7-validates-as-required\" aria-required=\"true\" aria-invalid=\"false\" \/><\/span><\/p>\n<\/p><\/div>\n<div class=\"col-md-6\">\n<p>Email<br \/>\n\t\t<span class=\"wpcf7-form-control-wrap your-email\"><input type=\"email\" name=\"your-email\" value=\"\" size=\"40\" class=\"wpcf7-form-control wpcf7-text wpcf7-email wpcf7-validates-as-required wpcf7-validates-as-email\" aria-required=\"true\" aria-invalid=\"false\" \/><\/span><\/p>\n<\/p><\/div>\n<\/div>\n<div class=\"row\">\n<div class=\"col-md-6\">\n<p>Attach CV<br \/>\n    <span class=\"wpcf7-form-control-wrap file-151\"><input type=\"file\" name=\"file-151\" size=\"40\" class=\"wpcf7-form-control wpcf7-file wpcf7-validates-as-required\" accept=\".pdf,.doc,.docx\" aria-required=\"true\" aria-invalid=\"false\" \/><\/span> <\/p>\n<\/p><\/div>\n<div class=\"col-md-6\">\n<p>Telephone<br \/>\n\t\t<span class=\"wpcf7-form-control-wrap telefono\"><input type=\"text\" name=\"telefono\" value=\"\" size=\"40\" class=\"wpcf7-form-control wpcf7-text wpcf7-validates-as-required\" aria-required=\"true\" aria-invalid=\"false\" \/><\/span><\/p>\n<\/p><\/div>\n<\/div>\n<p>Observations<br \/>\n    <span class=\"wpcf7-form-control-wrap your-message\"><textarea name=\"your-message\" cols=\"40\" rows=\"10\" class=\"wpcf7-form-control wpcf7-textarea\" aria-invalid=\"false\"><\/textarea><\/span> <\/p>\n<div class=\"row\">\n<div class=\"col-md-6\">\n<div class=\"wpcf7-form-control-wrap\"><div data-sitekey=\"6LfyGyEUAAAAAGCuA4Q2H_0__kZkjJWQ0yZ-jash\" class=\"wpcf7-form-control g-recaptcha wpcf7-recaptcha\"><\/div>\n<noscript>\n\t<div style=\"width: 302px; height: 422px;\">\n\t\t<div style=\"width: 302px; height: 422px; position: relative;\">\n\t\t\t<div style=\"width: 302px; height: 422px; position: absolute;\">\n\t\t\t\t<iframe src=\"https:\/\/www.google.com\/recaptcha\/api\/fallback?k=6LfyGyEUAAAAAGCuA4Q2H_0__kZkjJWQ0yZ-jash\" frameborder=\"0\" scrolling=\"no\" style=\"width: 302px; height:422px; border-style: none;\">\n\t\t\t\t<\/iframe>\n\t\t\t<\/div>\n\t\t\t<div style=\"width: 300px; height: 60px; border-style: none; bottom: 12px; left: 25px; margin: 0px; padding: 0px; right: 25px; background: #f9f9f9; border: 1px solid #c1c1c1; border-radius: 3px;\">\n\t\t\t\t<textarea id=\"g-recaptcha-response\" name=\"g-recaptcha-response\" class=\"g-recaptcha-response\" style=\"width: 250px; height: 40px; border: 1px solid #c1c1c1; margin: 10px 25px; padding: 0px; resize: none;\">\n\t\t\t\t<\/textarea>\n\t\t\t<\/div>\n\t\t<\/div>\n\t<\/div>\n<\/noscript>\n<\/div>\n<div class=\"col-xs-1\"><span class=\"wpcf7-form-control-wrap acceptance-500\"><span class=\"wpcf7-form-control wpcf7-acceptance\"><span class=\"wpcf7-list-item\"><input type=\"checkbox\" name=\"acceptance-500\" value=\"1\" aria-invalid=\"false\" \/><\/span><\/span><\/span><\/div>\n<div class=\"col-xs-11\" style=\"text-align:justify\">I have read and accept the <a href=\"http:\/\/www.sanchezbus.com\/en\/privacy-policy\" target=\"_blank\" style=\"text-decoration:underline\">Privacy Policy.<\/a>\n  <\/div>\n<\/div>\n<div class=\"col-md-6\" style=\"text-align:right\">\n<p><input type=\"submit\" value=\"SEND\" class=\"wpcf7-form-control wpcf7-submit btn_contacto\" \/><\/p>\n<\/div>\n<\/div>\n<div class=\"wpcf7-response-output wpcf7-display-none\"><\/div><\/form><\/div>[vc_column_text]<\/p>\n<table>\n<tbody>\n<tr>\n<td colspan=\"2\">\n<p style=\"text-align: center;\"><strong>INFORMACI\u00d3N B\u00c1SICA SOBRE PROTECCI\u00d3N DE DATOS<\/strong><\/p>\n<\/td>\n<\/tr>\n<tr>\n<td><strong>Responsable<\/strong><\/td>\n<td>SANCHEZ BUS S.L.<\/td>\n<\/tr>\n<tr>\n<td><strong>Finalidad<\/strong><\/td>\n<td>Selecci\u00f3n de personal .<\/td>\n<\/tr>\n<tr>\n<td><strong>Legitimaci\u00f3n<\/strong><\/td>\n<td>El consentimiento informado<\/td>\n<\/tr>\n<tr>\n<td><strong>Cesiones<\/strong><\/td>\n<td>No se prev\u00e9n.<\/td>\n<\/tr>\n<tr>\n<td><strong>Destinatarios<\/strong><\/td>\n<td>No se realizan transferencias Internacionales de datos<\/td>\n<\/tr>\n<tr>\n<td><strong>Plazo conservaci\u00f3n<\/strong><\/td>\n<td>1a\u00f1o desde finalizaci\u00f3n periodo reclutamiento<\/td>\n<\/tr>\n<tr>\n<td><strong>Derechos<\/strong><\/td>\n<td>Acceder, rectificar y suprimir los datos, as\u00ed como otros derechos, como se explica en la informaci\u00f3n adicional en esta p\u00e1gina web<\/td>\n<\/tr>\n<tr>\n<td><strong>Informaci\u00f3n adicional<\/strong><\/td>\n<td>Puede solicitar informaci\u00f3n adicional del tratamiento\u00a0 a trav\u00e9s de nuestra p\u00e1gina web: http:\/\/<strong>www.sanchezbus.com<\/strong><\/td>\n<\/tr>\n<\/tbody>\n<\/table>\n<p>[\/vc_column_text][\/vc_column][\/vc_row]<\/p>\n","protected":false},"excerpt":{"rendered":"<p>[vc_row row_type=&#8221;fullwidth_content&#8221;][vc_column][rev_slider_vc alias=&#8221;slider_rrhh_eng&#8221;][\/vc_column][\/vc_row][vc_row css=&#8221;.vc_custom_1444833569775{padding-top: 50px !important;padding-bottom: 40px !important;}&#8221;][vc_column width=&#8221;1\/4&#8243; css=&#8221;.vc_custom_1494836750479{margin-bottom: 50px !important;}&#8221; offset=&#8221;vc_hidden-xs&#8221;][vc_column_text] [\/vc_column_text][\/vc_column][vc_column width=&#8221;3\/4&#8243; css=&#8221;.vc_custom_1431468944873{margin-bottom: 50px !important;}&#8221;][vc_column_text] INFORMACI\u00d3N B\u00c1SICA SOBRE PROTECCI\u00d3N DE DATOS Responsable SANCHEZ BUS S.L. Finalidad Selecci\u00f3n de personal . Legitimaci\u00f3n El consentimiento informado Cesiones No se prev\u00e9n. Destinatarios No se realizan transferencias Internacionales de datos Plazo&#8230;<\/p>\n","protected":false},"author":1,"featured_media":0,"parent":0,"menu_order":13,"comment_status":"closed","ping_status":"closed","template":"template-builder.php","meta":[],"_links":{"self":[{"href":"https:\/\/www.sanchezbus.com\/en\/wp-json\/wp\/v2\/pages\/6128"}],"collection":[{"href":"https:\/\/www.sanchezbus.com\/en\/wp-json\/wp\/v2\/pages"}],"about":[{"href":"https:\/\/www.sanchezbus.com\/en\/wp-json\/wp\/v2\/types\/page"}],"author":[{"embeddable":true,"href":"https:\/\/www.sanchezbus.com\/en\/wp-json\/wp\/v2\/users\/1"}],"replies":[{"embeddable":true,"href":"https:\/\/www.sanchezbus.com\/en\/wp-json\/wp\/v2\/comments?post=6128"}],"version-history":[{"count":2,"href":"https:\/\/www.sanchezbus.com\/en\/wp-json\/wp\/v2\/pages\/6128\/revisions"}],"predecessor-version":[{"id":6182,"href":"https:\/\/www.sanchezbus.com\/en\/wp-json\/wp\/v2\/pages\/6128\/revisions\/6182"}],"wp:attachment":[{"href":"https:\/\/www.sanchezbus.com\/en\/wp-json\/wp\/v2\/media?parent=6128"}],"curies":[{"name":"wp","href":"https:\/\/api.w.org\/{rel}","templated":true}]}}